{"id":339,"date":"2025-05-25T01:37:10","date_gmt":"2025-05-25T00:37:10","guid":{"rendered":"http:\/\/localhost:8080\/mysecondsite\/?page_id=339"},"modified":"2025-05-25T01:41:37","modified_gmt":"2025-05-25T00:41:37","slug":"politique-dechange-et-de-retour","status":"publish","type":"page","link":"https:\/\/myjawhara.com\/index.php\/politique-dechange-et-de-retour\/","title":{"rendered":"Politique d&#8217;\u00e9change et de retour"},"content":{"rendered":"<style>.elementor-339 .elementor-element.elementor-element-b13cf63{--display:flex;--flex-direction:column;--container-widget-width:100%;--container-widget-height:initial;--container-widget-flex-grow:0;--container-widget-align-self:initial;--flex-wrap-mobile:wrap;--margin-top:0px;--margin-bottom:0px;--margin-left:0px;--margin-right:0px;--padding-top:0px;--padding-bottom:0px;--padding-left:0px;--padding-right:0px;}.elementor-339 .elementor-element.elementor-element-6bedfd4{--display:flex;--min-height:218px;--overlay-opacity:0.5;}.elementor-339 .elementor-element.elementor-element-6bedfd4::before, .elementor-339 .elementor-element.elementor-element-6bedfd4 > .elementor-background-video-container::before, .elementor-339 .elementor-element.elementor-element-6bedfd4 > .e-con-inner > .elementor-background-video-container::before, .elementor-339 .elementor-element.elementor-element-6bedfd4 > .elementor-background-slideshow::before, .elementor-339 .elementor-element.elementor-element-6bedfd4 > .e-con-inner > .elementor-background-slideshow::before, .elementor-339 .elementor-element.elementor-element-6bedfd4 > .elementor-motion-effects-container > .elementor-motion-effects-layer::before{--background-overlay:'';background-image:url(\"https:\/\/myjawhara.com\/wp-content\/uploads\/2025\/05\/telechargement.jpg\");background-position:center center;background-repeat:no-repeat;background-size:100% auto;}.elementor-widget-heading .elementor-heading-title{font-family:var( --e-global-typography-primary-font-family ), Sans-serif;font-weight:var( --e-global-typography-primary-font-weight );}.elementor-339 .elementor-element.elementor-element-f7d2ae5{text-align:center;}.elementor-339 .elementor-element.elementor-element-f7d2ae5 .elementor-heading-title{font-family:\"Playfair Display\", Sans-serif;font-weight:600;}.elementor-339 .elementor-element.elementor-element-f7d2ae5 > .elementor-widget-container{padding:45px 0px 0px 0px;}.elementor-widget-icon-list .elementor-icon-list-item > .elementor-icon-list-text, .elementor-widget-icon-list .elementor-icon-list-item > a{font-family:var( --e-global-typography-text-font-family ), Sans-serif;font-weight:var( --e-global-typography-text-font-weight );}.elementor-339 .elementor-element.elementor-element-8cfb182 .elementor-icon-list-icon i{color:#040404;transition:color 0.3s;}.elementor-339 .elementor-element.elementor-element-8cfb182 .elementor-icon-list-icon svg{fill:#040404;transition:fill 0.3s;}.elementor-339 .elementor-element.elementor-element-8cfb182{--e-icon-list-icon-size:14px;--icon-vertical-offset:0px;}.elementor-339 .elementor-element.elementor-element-8cfb182 .elementor-icon-list-item > .elementor-icon-list-text, .elementor-339 .elementor-element.elementor-element-8cfb182 .elementor-icon-list-item > a{font-family:\"Marcellus SC\", Sans-serif;font-weight:700;}.elementor-339 .elementor-element.elementor-element-8cfb182 .elementor-icon-list-text{color:#000000;transition:color 0.3s;}.elementor-339 .elementor-element.elementor-element-fa19dff{--display:flex;--flex-direction:column;--container-widget-width:100%;--container-widget-height:initial;--container-widget-flex-grow:0;--container-widget-align-self:initial;--flex-wrap-mobile:wrap;--margin-top:0px;--margin-bottom:0px;--margin-left:0px;--margin-right:0px;--padding-top:0px;--padding-bottom:0px;--padding-left:0px;--padding-right:0px;}.elementor-widget-text-editor{font-family:var( --e-global-typography-text-font-family ), Sans-serif;font-weight:var( --e-global-typography-text-font-weight );}.elementor-339 .elementor-element.elementor-element-d8eb1f9{font-family:\"Marcellus\", Sans-serif;font-weight:400;color:#262626;}.elementor-339 .elementor-element.elementor-element-d8eb1f9 > .elementor-widget-container{padding:48px 48px 48px 48px;}<\/style>\t\t<div data-elementor-type=\"wp-page\" data-elementor-id=\"339\" class=\"elementor elementor-339\" data-elementor-post-type=\"page\">\n\t\t\t\t<div class=\"elementor-element elementor-element-b13cf63 e-flex e-con-boxed e-con e-parent\" data-id=\"b13cf63\" data-element_type=\"container\" data-e-type=\"container\">\n\t\t\t\t\t<div class=\"e-con-inner\">\n\t\t<div class=\"elementor-element elementor-element-6bedfd4 e-con-full e-flex e-con e-child\" data-id=\"6bedfd4\" data-element_type=\"container\" data-e-type=\"container\">\n\t\t\t\t<div class=\"elementor-element elementor-element-f7d2ae5 elementor-widget elementor-widget-heading\" data-id=\"f7d2ae5\" data-element_type=\"widget\" data-e-type=\"widget\" data-widget_type=\"heading.default\">\n\t\t\t\t<div class=\"elementor-widget-container\">\n\t\t\t\t\t<h2 class=\"elementor-heading-title elementor-size-default\">Politique d'\u00e9change et de retour\n<\/h2>\t\t\t\t<\/div>\n\t\t\t\t<\/div>\n\t\t\t\t<div class=\"elementor-element elementor-element-8cfb182 elementor-icon-list--layout-inline elementor-align-center elementor-list-item-link-full_width elementor-widget elementor-widget-icon-list\" data-id=\"8cfb182\" data-element_type=\"widget\" data-e-type=\"widget\" data-widget_type=\"icon-list.default\">\n\t\t\t\t<div class=\"elementor-widget-container\">\n\t\t\t\t\t\t\t<ul class=\"elementor-icon-list-items elementor-inline-items\">\n\t\t\t\t\t\t\t<li class=\"elementor-icon-list-item elementor-inline-item\">\n\t\t\t\t\t\t\t\t\t\t<span class=\"elementor-icon-list-text\">Home<\/span>\n\t\t\t\t\t\t\t\t\t<\/li>\n\t\t\t\t\t\t\t\t<li class=\"elementor-icon-list-item elementor-inline-item\">\n\t\t\t\t\t\t\t\t\t\t\t<span class=\"elementor-icon-list-icon\">\n\t\t\t\t\t\t\t<svg aria-hidden=\"true\" class=\"e-font-icon-svg e-fas-circle\" viewBox=\"0 0 512 512\" xmlns=\"http:\/\/www.w3.org\/2000\/svg\"><path d=\"M256 8C119 8 8 119 8 256s111 248 248 248 248-111 248-248S393 8 256 8z\"><\/path><\/svg>\t\t\t\t\t\t<\/span>\n\t\t\t\t\t\t\t\t\t\t<span class=\"elementor-icon-list-text\">Politique d'\u00e9change et de retour<\/span>\n\t\t\t\t\t\t\t\t\t<\/li>\n\t\t\t\t\t\t<\/ul>\n\t\t\t\t\t\t<\/div>\n\t\t\t\t<\/div>\n\t\t\t\t<\/div>\n\t\t\t\t\t<\/div>\n\t\t\t\t<\/div>\n\t\t<div class=\"elementor-element elementor-element-fa19dff e-flex e-con-boxed e-con e-parent\" data-id=\"fa19dff\" data-element_type=\"container\" data-e-type=\"container\">\n\t\t\t\t\t<div class=\"e-con-inner\">\n\t\t\t\t<div class=\"elementor-element elementor-element-d8eb1f9 elementor-widget elementor-widget-text-editor\" data-id=\"d8eb1f9\" data-element_type=\"widget\" data-e-type=\"widget\" data-widget_type=\"text-editor.default\">\n\t\t\t\t<div class=\"elementor-widget-container\">\n\t\t\t\t\t\t\t\t\t<h6>Politique de retour et d\u2019\u00e9change<\/h6><ul data-start=\"126\" data-end=\"1630\"><li data-start=\"126\" data-end=\"257\"><p data-start=\"128\" data-end=\"257\">Le droit de retour et d\u2019\u00e9change est garanti \u00e0 tous nos clients, et cela concerne tous les produits propos\u00e9s sur notre boutique.<\/p><\/li><li data-start=\"258\" data-end=\"424\"><p data-start=\"260\" data-end=\"424\">Tous les produits pr\u00e9sent\u00e9s sur notre site sont soumis \u00e0 notre politique de retour et d\u2019\u00e9change, conform\u00e9ment aux conditions et modalit\u00e9s \u00e9nonc\u00e9es sur cette page.<\/p><\/li><li data-start=\"425\" data-end=\"568\"><p data-start=\"427\" data-end=\"568\">Le retour ou l\u2019\u00e9change est possible si le produit est dans son \u00e9tat d\u2019origine au moment de l\u2019achat et emball\u00e9 dans son emballage d\u2019origine.<\/p><\/li><li data-start=\"569\" data-end=\"718\"><p data-start=\"571\" data-end=\"718\">Les retours sont accept\u00e9s dans un d\u00e9lai de <strong data-start=\"614\" data-end=\"633\">trois (3) jours<\/strong>, et les \u00e9changes dans un d\u00e9lai de <strong data-start=\"668\" data-end=\"686\">sept (7) jours<\/strong> \u00e0 compter de la date d\u2019achat.<\/p><\/li><li data-start=\"719\" data-end=\"850\"><p data-start=\"721\" data-end=\"850\">Veuillez nous contacter via la page &#8220;Contactez-nous&#8221; ou par nos num\u00e9ros de t\u00e9l\u00e9phone pour toute demande de retour ou d\u2019\u00e9change.<\/p><\/li><li data-start=\"851\" data-end=\"1104\"><p data-start=\"853\" data-end=\"1104\">Veuillez prendre une photo du produit et l\u2019envoyer en pr\u00e9cisant la <strong data-start=\"920\" data-end=\"929\">ville<\/strong>, l\u2019<strong data-start=\"933\" data-end=\"944\">adresse<\/strong>, et le <strong data-start=\"952\" data-end=\"974\">num\u00e9ro de commande<\/strong> afin qu\u2019il soit \u00e9chang\u00e9 dans le cas o\u00f9 le produit serait d\u00e9fectueux, endommag\u00e9 ou ne correspondrait pas \u00e0 ce qui a \u00e9t\u00e9 convenu.<\/p><\/li><li data-start=\"1105\" data-end=\"1287\"><p data-start=\"1107\" data-end=\"1287\">Le montant total pay\u00e9 sera <strong data-start=\"1134\" data-end=\"1161\">int\u00e9gralement rembours\u00e9<\/strong> au client si le produit re\u00e7u est <strong data-start=\"1195\" data-end=\"1219\">totalement diff\u00e9rent<\/strong> de la description figurant sur la page du produit sur notre site.<\/p><\/li><li data-start=\"1288\" data-end=\"1454\"><p data-start=\"1290\" data-end=\"1454\">Nous ne sommes pas responsables des attentes personnelles concernant l\u2019usage du produit si celles-ci ne sont pas mentionn\u00e9es dans la fiche produit sur notre site.<\/p><\/li><li data-start=\"1455\" data-end=\"1630\"><p data-start=\"1457\" data-end=\"1630\"><strong data-start=\"1457\" data-end=\"1465\">30 %<\/strong> du montant ou une somme minimale de <strong data-start=\"1502\" data-end=\"1516\">25 dirhams<\/strong> sera d\u00e9duite si le client ne souhaite plus le produit sans qu\u2019il pr\u00e9sente de d\u00e9faut ou de probl\u00e8me particulier.<\/p><\/li><\/ul>\t\t\t\t\t\t\t\t<\/div>\n\t\t\t\t<\/div>\n\t\t\t\t\t<\/div>\n\t\t\t\t<\/div>\n\t\t\t\t<\/div>\n\t\t","protected":false},"excerpt":{"rendered":"<p>Politique d&#8217;\u00e9change et de retour Home Politique d&#8217;\u00e9change et de retour Politique de retour et d\u2019\u00e9change Le droit de retour&#8230;<\/p>\n","protected":false},"author":1,"featured_media":0,"parent":0,"menu_order":0,"comment_status":"closed","ping_status":"closed","template":"elementor_header_footer","meta":{"footnotes":""},"class_list":["post-339","page","type-page","status-publish","hentry"],"_links":{"self":[{"href":"https:\/\/myjawhara.com\/index.php\/wp-json\/wp\/v2\/pages\/339","targetHints":{"allow":["GET"]}}],"collection":[{"href":"https:\/\/myjawhara.com\/index.php\/wp-json\/wp\/v2\/pages"}],"about":[{"href":"https:\/\/myjawhara.com\/index.php\/wp-json\/wp\/v2\/types\/page"}],"author":[{"embeddable":true,"href":"https:\/\/myjawhara.com\/index.php\/wp-json\/wp\/v2\/users\/1"}],"replies":[{"embeddable":true,"href":"https:\/\/myjawhara.com\/index.php\/wp-json\/wp\/v2\/comments?post=339"}],"version-history":[{"count":4,"href":"https:\/\/myjawhara.com\/index.php\/wp-json\/wp\/v2\/pages\/339\/revisions"}],"predecessor-version":[{"id":344,"href":"https:\/\/myjawhara.com\/index.php\/wp-json\/wp\/v2\/pages\/339\/revisions\/344"}],"wp:attachment":[{"href":"https:\/\/myjawhara.com\/index.php\/wp-json\/wp\/v2\/media?parent=339"}],"curies":[{"name":"wp","href":"https:\/\/api.w.org\/{rel}","templated":true}]}}