{"id":65,"date":"2025-05-22T19:49:59","date_gmt":"2025-05-22T18:49:59","guid":{"rendered":"http:\/\/localhost:8080\/mysecondsite\/?post_type=product&#038;p=65"},"modified":"2025-06-12T19:32:32","modified_gmt":"2025-06-12T18:32:32","slug":"bracelet-eclat-elegant","status":"publish","type":"product","link":"https:\/\/myjawhara.com\/index.php\/product\/bracelet-eclat-elegant\/","title":{"rendered":"M\u00e9lodie du Vent"},"content":{"rendered":"<p>Ce bracelet l\u00e9ger, orn\u00e9 de perles douces, est une danse de mouvements subtils, comme une m\u00e9lodie port\u00e9e par le vent. \u00c9l\u00e9gant et fluide.<\/p>\n","protected":false},"excerpt":{"rendered":"<p>Vous pouvez retourner le produit dans les 7 jours suivant sa r\u00e9ception, \u00e0 condition qu&#8217;il soit dans son \u00e9tat d&#8217;origine.<\/p>\n","protected":false},"featured_media":386,"comment_status":"open","ping_status":"closed","template":"","meta":[],"product_brand":[],"product_cat":[16,17,15],"product_tag":[20,18,19],"class_list":{"0":"post-65","1":"product","2":"type-product","3":"status-publish","4":"has-post-thumbnail","6":"product_cat-best-selling","7":"product_cat-featured","8":"product_cat-uncategorized","9":"product_tag-jewelry","10":"product_tag-premium","11":"product_tag-silver","13":"first","14":"instock","15":"sale","16":"purchasable","17":"product-type-simple"},"_links":{"self":[{"href":"https:\/\/myjawhara.com\/index.php\/wp-json\/wp\/v2\/product\/65","targetHints":{"allow":["GET"]}}],"collection":[{"href":"https:\/\/myjawhara.com\/index.php\/wp-json\/wp\/v2\/product"}],"about":[{"href":"https:\/\/myjawhara.com\/index.php\/wp-json\/wp\/v2\/types\/product"}],"replies":[{"embeddable":true,"href":"https:\/\/myjawhara.com\/index.php\/wp-json\/wp\/v2\/comments?post=65"}],"wp:featuredmedia":[{"embeddable":true,"href":"https:\/\/myjawhara.com\/index.php\/wp-json\/wp\/v2\/media\/386"}],"wp:attachment":[{"href":"https:\/\/myjawhara.com\/index.php\/wp-json\/wp\/v2\/media?parent=65"}],"wp:term":[{"taxonomy":"product_brand","embeddable":true,"href":"https:\/\/myjawhara.com\/index.php\/wp-json\/wp\/v2\/product_brand?post=65"},{"taxonomy":"product_cat","embeddable":true,"href":"https:\/\/myjawhara.com\/index.php\/wp-json\/wp\/v2\/product_cat?post=65"},{"taxonomy":"product_tag","embeddable":true,"href":"https:\/\/myjawhara.com\/index.php\/wp-json\/wp\/v2\/product_tag?post=65"}],"curies":[{"name":"wp","href":"https:\/\/api.w.org\/{rel}","templated":true}]}}