{"id":69,"date":"2025-05-23T12:52:44","date_gmt":"2025-05-23T11:52:44","guid":{"rendered":"http:\/\/localhost:8080\/mysecondsite\/?post_type=product&#038;p=69"},"modified":"2025-06-12T19:33:13","modified_gmt":"2025-06-12T18:33:13","slug":"collier-eclat-laurier-925","status":"publish","type":"product","link":"https:\/\/myjawhara.com\/index.php\/product\/collier-eclat-laurier-925\/","title":{"rendered":"Baiser de Lune"},"content":{"rendered":"<p>Telle une douce caresse de la lune sur la peau, ce bracelet en argent et pierres fines refl\u00e8te l\u2019\u00e9nigme et la beaut\u00e9 c\u00e9leste.<\/p>\n","protected":false},"excerpt":{"rendered":"<p>Caract\u00e9ristiques :<\/p>\n<ul>\n<li>Mat\u00e9riau : Argent sterling 925, finition \u00e9clatante.<\/li>\n<li>Pierre : Zirconium cubique \u00e9tincelant.<\/li>\n<li>Design : Pendentif en couronne de laurier, symbole de r\u00e9ussite et d\u2019\u00e9l\u00e9gance.<\/li>\n<li>Cha\u00eene : Ajustable pour s&#8217;adapter \u00e0 votre style.<\/li>\n<li>Occasion : Cadeau parfait pour un anniversaire, une f\u00eate ou simplement pour se faire plaisir.<\/li>\n<\/ul>\n","protected":false},"featured_media":385,"comment_status":"open","ping_status":"closed","template":"","meta":[],"product_brand":[],"product_cat":[15],"product_tag":[],"class_list":{"0":"post-69","1":"product","2":"type-product","3":"status-publish","4":"has-post-thumbnail","6":"product_cat-uncategorized","8":"first","9":"instock","10":"sale","11":"purchasable","12":"product-type-simple"},"_links":{"self":[{"href":"https:\/\/myjawhara.com\/index.php\/wp-json\/wp\/v2\/product\/69","targetHints":{"allow":["GET"]}}],"collection":[{"href":"https:\/\/myjawhara.com\/index.php\/wp-json\/wp\/v2\/product"}],"about":[{"href":"https:\/\/myjawhara.com\/index.php\/wp-json\/wp\/v2\/types\/product"}],"replies":[{"embeddable":true,"href":"https:\/\/myjawhara.com\/index.php\/wp-json\/wp\/v2\/comments?post=69"}],"wp:featuredmedia":[{"embeddable":true,"href":"https:\/\/myjawhara.com\/index.php\/wp-json\/wp\/v2\/media\/385"}],"wp:attachment":[{"href":"https:\/\/myjawhara.com\/index.php\/wp-json\/wp\/v2\/media?parent=69"}],"wp:term":[{"taxonomy":"product_brand","embeddable":true,"href":"https:\/\/myjawhara.com\/index.php\/wp-json\/wp\/v2\/product_brand?post=69"},{"taxonomy":"product_cat","embeddable":true,"href":"https:\/\/myjawhara.com\/index.php\/wp-json\/wp\/v2\/product_cat?post=69"},{"taxonomy":"product_tag","embeddable":true,"href":"https:\/\/myjawhara.com\/index.php\/wp-json\/wp\/v2\/product_tag?post=69"}],"curies":[{"name":"wp","href":"https:\/\/api.w.org\/{rel}","templated":true}]}}