{"id":77,"date":"2025-05-23T12:57:50","date_gmt":"2025-05-23T11:57:50","guid":{"rendered":"http:\/\/localhost:8080\/mysecondsite\/?post_type=product&#038;p=77"},"modified":"2025-06-12T19:30:56","modified_gmt":"2025-06-12T18:30:56","slug":"collier-ailes-dange-925","status":"publish","type":"product","link":"https:\/\/myjawhara.com\/index.php\/product\/collier-ailes-dange-925\/","title":{"rendered":"Liane d&#8217;Or"},"content":{"rendered":"<p>Inspir\u00e9 par la nature, ce bracelet en or tress\u00e9 \u00e9voque la force et la l\u00e9g\u00e8ret\u00e9 des lianes qui dansent avec le vent.<\/p>\n","protected":false},"excerpt":{"rendered":"<p>Caract\u00e9ristiques :<\/p>\n<ul>\n<li>Design : Pendentif anneau avec ailes pav\u00e9es de cristaux<\/li>\n<li>Mat\u00e9riau : Argent de haute qualit\u00e9 925<\/li>\n<li>Cha\u00eene : Ajustable pour un confort parfait<\/li>\n<li>Style : \u00c9l\u00e9gant, symbolique et intemporel<\/li>\n<\/ul>\n","protected":false},"featured_media":381,"comment_status":"open","ping_status":"closed","template":"","meta":[],"product_brand":[],"product_cat":[15],"product_tag":[],"class_list":{"0":"post-77","1":"product","2":"type-product","3":"status-publish","4":"has-post-thumbnail","6":"product_cat-uncategorized","8":"first","9":"instock","10":"sale","11":"taxable","12":"shipping-taxable","13":"purchasable","14":"product-type-simple"},"_links":{"self":[{"href":"https:\/\/myjawhara.com\/index.php\/wp-json\/wp\/v2\/product\/77","targetHints":{"allow":["GET"]}}],"collection":[{"href":"https:\/\/myjawhara.com\/index.php\/wp-json\/wp\/v2\/product"}],"about":[{"href":"https:\/\/myjawhara.com\/index.php\/wp-json\/wp\/v2\/types\/product"}],"replies":[{"embeddable":true,"href":"https:\/\/myjawhara.com\/index.php\/wp-json\/wp\/v2\/comments?post=77"}],"wp:featuredmedia":[{"embeddable":true,"href":"https:\/\/myjawhara.com\/index.php\/wp-json\/wp\/v2\/media\/381"}],"wp:attachment":[{"href":"https:\/\/myjawhara.com\/index.php\/wp-json\/wp\/v2\/media?parent=77"}],"wp:term":[{"taxonomy":"product_brand","embeddable":true,"href":"https:\/\/myjawhara.com\/index.php\/wp-json\/wp\/v2\/product_brand?post=77"},{"taxonomy":"product_cat","embeddable":true,"href":"https:\/\/myjawhara.com\/index.php\/wp-json\/wp\/v2\/product_cat?post=77"},{"taxonomy":"product_tag","embeddable":true,"href":"https:\/\/myjawhara.com\/index.php\/wp-json\/wp\/v2\/product_tag?post=77"}],"curies":[{"name":"wp","href":"https:\/\/api.w.org\/{rel}","templated":true}]}}